{"id":79,"date":"2023-06-05T03:46:51","date_gmt":"2023-06-05T03:46:51","guid":{"rendered":"http:\/\/bknic.hust.edu.vn\/?page_id=79"},"modified":"2023-07-19T14:47:52","modified_gmt":"2023-07-19T14:47:52","slug":"doi-mat-khau-email-sv","status":"publish","type":"page","link":"http:\/\/bknic.hust.edu.vn\/?page_id=79","title":{"rendered":"\u0110\u1ed5i m\u1eadt kh\u1ea9u email SV"},"content":{"rendered":"<p><span style=\"font-family: arial, helvetica, sans-serif;\"><strong>H\u01af\u1edaNG D\u1eaaN T\u1ea0O M\u1edaI, \u0110\u1ed4I M\u1eacT KH\u1ea8U EMAIL SINH VI\u00caN ONLINE<\/strong><\/span><\/p>\n<p><span style=\"font-family: arial, helvetica, sans-serif;\"><strong>B\u01b0\u1edbc 1: G\u00f5 \u0111\u1ecba ch\u1ec9 ctt.hust.edu.vn<\/strong><\/span><\/p>\n<p><span style=\"font-family: arial, helvetica, sans-serif;\">Ch\u1ecdn m\u1ee5c \u201c\u0110\u0103ng nh\u1eadp\u201d<\/span><\/p>\n<p><span style=\"font-family: arial, helvetica, sans-serif;\"><img loading=\"lazy\" decoding=\"async\" class=\"alignnone wp-image-315 size-full\" src=\"http:\/\/bknic.hust.edu.vn\/wp-content\/uploads\/2023\/06\/ctt_login.jpg\" alt=\"\" width=\"1427\" height=\"761\" \/>\u00a0\u00a0\u00a0\u00a0\u00a0\u00a0\u00a0\u00a0\u00a0\u00a0\u00a0<\/span><\/p>\n<p><span style=\"font-family: arial, helvetica, sans-serif;\"><strong>B\u01b0\u1edbc 2: Trong trang \u201c\u0110\u0103ng nh\u1eadp\u201d, ch\u1ecdn m\u1ee5c \u201cQu\u00ean m\u1eadt kh\u1ea9u\u201d<\/strong><\/span><\/p>\n<p><span style=\"font-family: arial, helvetica, sans-serif;\"><img loading=\"lazy\" decoding=\"async\" class=\"alignnone wp-image-316 size-full\" src=\"http:\/\/bknic.hust.edu.vn\/wp-content\/uploads\/2023\/06\/forgot_password.jpg\" alt=\"\" width=\"1427\" height=\"755\" \/>\u00a0\u00a0\u00a0\u00a0\u00a0\u00a0\u00a0<\/span><\/p>\n<p><span style=\"font-family: arial, helvetica, sans-serif;\"><strong>B\u01b0\u1edbc 3: \u0110i\u1ec1n th\u00f4ng tin v\u00e0o form \u0111\u0103ng k\u00fd bao g\u1ed3m<\/strong><\/span><\/p>\n<ol>\n<li><span style=\"font-family: arial, helvetica, sans-serif;\">Th\u00f4ng tin c\u00e1 nh\u00e2n<\/span><\/li>\n<\/ol>\n<ul>\n<li><span style=\"font-family: arial, helvetica, sans-serif;\">M\u00e3 s\u1ed1 sinh vi\u00ean<\/span><\/li>\n<li><span style=\"font-family: arial, helvetica, sans-serif;\">\u0110i\u1ec7n tho\u1ea1i<\/span><\/li>\n<li><span style=\"font-family: arial, helvetica, sans-serif;\">Email \u0111\u00e3 \u0111\u0103ng k\u00fd v\u1edbi ph\u00f2ng CTSV<\/span><\/li>\n<li><span style=\"font-family: arial, helvetica, sans-serif;\">CMT ho\u1eb7c th\u1ebb c\u0103n c\u01b0\u1edbc<\/span><\/li>\n<li><span style=\"font-family: arial, helvetica, sans-serif;\">N\u01a1i c\u1ea5p CMT ho\u1eb7c th\u1ebb c\u0103n c\u01b0\u1edbc<\/span><\/li>\n<li><span style=\"font-family: arial, helvetica, sans-serif;\">Ng\u00e0y c\u1ea5p CMT ho\u1eb7c th\u1ebb c\u0103n c\u01b0\u1edbc theo \u0111\u1ecbnh d\u1ea1ng dd\/mm\/yyyy<\/span><\/li>\n<\/ul>\n<ol start=\"2\">\n<li><span style=\"font-family: arial, helvetica, sans-serif;\">Nh\u1ea5n n\u00fat \u201cCh\u1ecdn \u1ea3nh\u201d \u0111\u1ec3 t\u1ea3i \u1ea3nh CMT ho\u1eb7c th\u1ebb c\u0103n c\u01b0\u1edbc c\u1ee7a b\u1ea1n<\/span><\/li>\n<li><span style=\"font-family: arial, helvetica, sans-serif;\">Nh\u1ea5n v\u00e0o n\u00fat \u201cG\u1eedi th\u00f4ng tin\u201d<\/span><\/li>\n<\/ol>\n<p><span style=\"font-family: arial, helvetica, sans-serif;\">M\u1ed7i sinh vi\u00ean \u0111\u01b0\u1ee3c t\u1ea1o m\u1ed9t t\u00e0i kho\u1ea3n email sinh vi\u00ean c\u00f3 \u0111\u1ecbnh d\u1ea1ng l\u00e0 \u201ct\u00ean sinh vi\u00ean\u201d\u00a0<strong>.\u00a0<\/strong>\u201cvi\u1ebft t\u1eaft h\u1ecd \u0111\u00eam\u201d \u201cm\u00e3 sinh vi\u00ean\u00a0<strong>b\u1ecf s\u1ed1 20 \u1edf \u0111\u1ea7u<\/strong>\u201d @sis.hust.edu.vn<\/span><\/p>\n<p><span style=\"font-family: arial, helvetica, sans-serif;\"><strong>V\u00ed d\u1ee5<\/strong>: Sinh vi\u00ean t\u00ean\u00a0<strong>Nguy\u1ec5n Th\u1ecb Ho\u00e0ng Lan<\/strong>\u00a0m\u00e3 s\u1ed1 sinh vi\u00ean\u00a0<strong>20171234\u00a0<\/strong>c\u00f3 \u0111\u1ecba ch\u1ec9 h\u00f2m th\u01b0 l\u00e0\u00a0<a href=\"mailto:lan.nth171234@sis.hust.edu.vn\"><strong>lan.nth171234@sis.hust.edu.vn<\/strong><\/a><\/span><\/p>\n<p><span style=\"font-family: arial, helvetica, sans-serif;\">\u0110\u1ec3 \u0111\u0103ng k\u00fd t\u1ea1o h\u00f2m th\u01b0 m\u1edbi ho\u1eb7c \u0111\u1ed5i m\u1eadt kh\u1ea9u h\u00f2m th\u01b0 c\u0169 sinh vi\u00ean th\u1ef1c hi\u1ec7n c\u00e1c b\u01b0\u1edbc nh\u01b0 tr\u00ean.<\/span><\/p>\n<p><span style=\"font-family: arial, helvetica, sans-serif;\">Trong tr\u01b0\u1eddng h\u1ee3p b\u1ecb m\u1ea5t th\u1ebb sinh vi\u00ean, c\u00e1c em li\u00ean h\u1ec7 v\u00e0 l\u00e0m theo h\u01b0\u1edbng d\u1eabn c\u1ee7a Trung t\u00e2m m\u1ea1ng \u0111\u1ec3 \u0111\u01b0\u1ee3c h\u1ed7 tr\u1ee3. <\/span><span style=\"font-family: arial, helvetica, sans-serif;\">S\u0110T V\u0103n ph\u00f2ng Trung t\u00e2m m\u1ea1ng : 024.3868.2203 &#8211; 024.3868.1643<\/span><\/p>\n<p><span style=\"font-family: arial, helvetica, sans-serif;\"><strong>(L\u01b0u \u00fd: T\u1ea5t c\u1ea3 c\u00e1c b\u1ea1n sinh vi\u00ean c\u1ee7a tr\u01b0\u1eddng \u0111\u1ea1i h\u1ecdc B\u00e1ch Khoa c\u00f3 th\u1ebb sinh vi\u00ean (v\u1eabn c\u00f2n h\u1ea1n s\u1eed d\u1ee5ng th\u00ec \u0111\u1ec1u c\u00f3 th\u1ec3 th\u1ef1c hi\u1ec7n vi\u1ec7c \u0111\u0103ng k\u00fd online)<\/strong><\/span><\/p>\n<p>&nbsp;<\/p>\n<p><span style=\"font-family: arial, helvetica, sans-serif;\"><strong>\u00a0<\/strong> <\/span><\/p>\n","protected":false},"excerpt":{"rendered":"<p>H\u01af\u1edaNG D\u1eaaN T\u1ea0O M\u1edaI, \u0110\u1ed4I M\u1eacT KH\u1ea8U EMAIL SINH VI\u00caN ONLINE B\u01b0\u1edbc 1: G\u00f5 \u0111\u1ecba ch\u1ec9 ctt.hust.edu.vn Ch\u1ecdn m\u1ee5c \u201c\u0110\u0103ng nh\u1eadp\u201d \u00a0\u00a0\u00a0\u00a0\u00a0\u00a0\u00a0\u00a0\u00a0\u00a0\u00a0 B\u01b0\u1edbc 2: Trong trang \u201c\u0110\u0103ng nh\u1eadp\u201d, ch\u1ecdn m\u1ee5c \u201cQu\u00ean m\u1eadt kh\u1ea9u\u201d \u00a0\u00a0\u00a0\u00a0\u00a0\u00a0\u00a0 B\u01b0\u1edbc 3: \u0110i\u1ec1n th\u00f4ng tin v\u00e0o form \u0111\u0103ng k\u00fd bao g\u1ed3m Th\u00f4ng tin c\u00e1 nh\u00e2n M\u00e3 s\u1ed1 sinh vi\u00ean \u0110i\u1ec7n tho\u1ea1i [&hellip;]<\/p>\n","protected":false},"author":1,"featured_media":0,"parent":77,"menu_order":0,"comment_status":"closed","ping_status":"closed","template":"","meta":{"footnotes":""},"class_list":["post-79","page","type-page","status-publish","hentry"],"_links":{"self":[{"href":"http:\/\/bknic.hust.edu.vn\/index.php?rest_route=\/wp\/v2\/pages\/79","targetHints":{"allow":["GET"]}}],"collection":[{"href":"http:\/\/bknic.hust.edu.vn\/index.php?rest_route=\/wp\/v2\/pages"}],"about":[{"href":"http:\/\/bknic.hust.edu.vn\/index.php?rest_route=\/wp\/v2\/types\/page"}],"author":[{"embeddable":true,"href":"http:\/\/bknic.hust.edu.vn\/index.php?rest_route=\/wp\/v2\/users\/1"}],"replies":[{"embeddable":true,"href":"http:\/\/bknic.hust.edu.vn\/index.php?rest_route=%2Fwp%2Fv2%2Fcomments&post=79"}],"version-history":[{"count":1,"href":"http:\/\/bknic.hust.edu.vn\/index.php?rest_route=\/wp\/v2\/pages\/79\/revisions"}],"predecessor-version":[{"id":80,"href":"http:\/\/bknic.hust.edu.vn\/index.php?rest_route=\/wp\/v2\/pages\/79\/revisions\/80"}],"up":[{"embeddable":true,"href":"http:\/\/bknic.hust.edu.vn\/index.php?rest_route=\/wp\/v2\/pages\/77"}],"wp:attachment":[{"href":"http:\/\/bknic.hust.edu.vn\/index.php?rest_route=%2Fwp%2Fv2%2Fmedia&parent=79"}],"curies":[{"name":"wp","href":"https:\/\/api.w.org\/{rel}","templated":true}]}}