{"id":75,"date":"2023-06-05T03:45:49","date_gmt":"2023-06-05T03:45:49","guid":{"rendered":"http:\/\/bknic.hust.edu.vn\/?page_id=75"},"modified":"2023-07-19T14:47:52","modified_gmt":"2023-07-19T14:47:52","slug":"xay-dung-bai-giang-blearning","status":"publish","type":"page","link":"http:\/\/bknic.hust.edu.vn\/?page_id=75","title":{"rendered":"X\u00e2y d\u1ef1ng b\u00e0i gi\u1ea3ng E-Learning"},"content":{"rendered":"<p><b>TH\u00d4NG TIN LI\u00caN L\u1ea0C:\u00a0\u00a0Ph\u00f2ng E-Learning, Trung t\u00e2m M\u1ea1ng Th\u00f4ng Tin &#8211; \u0110H B\u00e1ch Khoa H\u00e0 N\u1ed9i<br \/>\nPh\u00f2ng 915, T\u00f2a nh\u00e0 Th\u01b0 vi\u1ec7n T\u1ea1 Quang B\u1eedu,<br \/>\nS\u0110T: 043.8683188<br \/>\nEmail h\u1ed7 tr\u1ee3 k\u1ef9 thu\u1eadt:\u00a0 techsupport.elearning@hust.edu.vn<\/b><\/p>\n","protected":false},"excerpt":{"rendered":"<p>TH\u00d4NG TIN LI\u00caN L\u1ea0C:\u00a0\u00a0Ph\u00f2ng E-Learning, Trung t\u00e2m M\u1ea1ng Th\u00f4ng Tin &#8211; \u0110H B\u00e1ch Khoa H\u00e0 N\u1ed9i Ph\u00f2ng 915, T\u00f2a nh\u00e0 Th\u01b0 vi\u1ec7n T\u1ea1 Quang B\u1eedu, S\u0110T: 043.8683188 Email h\u1ed7 tr\u1ee3 k\u1ef9 thu\u1eadt:\u00a0 techsupport.elearning@hust.edu.vn<\/p>\n","protected":false},"author":1,"featured_media":0,"parent":67,"menu_order":0,"comment_status":"closed","ping_status":"closed","template":"","meta":{"footnotes":""},"class_list":["post-75","page","type-page","status-publish","hentry"],"_links":{"self":[{"href":"http:\/\/bknic.hust.edu.vn\/index.php?rest_route=\/wp\/v2\/pages\/75","targetHints":{"allow":["GET"]}}],"collection":[{"href":"http:\/\/bknic.hust.edu.vn\/index.php?rest_route=\/wp\/v2\/pages"}],"about":[{"href":"http:\/\/bknic.hust.edu.vn\/index.php?rest_route=\/wp\/v2\/types\/page"}],"author":[{"embeddable":true,"href":"http:\/\/bknic.hust.edu.vn\/index.php?rest_route=\/wp\/v2\/users\/1"}],"replies":[{"embeddable":true,"href":"http:\/\/bknic.hust.edu.vn\/index.php?rest_route=%2Fwp%2Fv2%2Fcomments&post=75"}],"version-history":[{"count":1,"href":"http:\/\/bknic.hust.edu.vn\/index.php?rest_route=\/wp\/v2\/pages\/75\/revisions"}],"predecessor-version":[{"id":76,"href":"http:\/\/bknic.hust.edu.vn\/index.php?rest_route=\/wp\/v2\/pages\/75\/revisions\/76"}],"up":[{"embeddable":true,"href":"http:\/\/bknic.hust.edu.vn\/index.php?rest_route=\/wp\/v2\/pages\/67"}],"wp:attachment":[{"href":"http:\/\/bknic.hust.edu.vn\/index.php?rest_route=%2Fwp%2Fv2%2Fmedia&parent=75"}],"curies":[{"name":"wp","href":"https:\/\/api.w.org\/{rel}","templated":true}]}}