{"id":73,"date":"2023-06-05T03:45:32","date_gmt":"2023-06-05T03:45:32","guid":{"rendered":"http:\/\/bknic.hust.edu.vn\/?page_id=73"},"modified":"2023-07-19T14:47:40","modified_gmt":"2023-07-19T14:47:40","slug":"su-dung-email-cb","status":"publish","type":"page","link":"http:\/\/bknic.hust.edu.vn\/?page_id=73","title":{"rendered":"H\u01b0\u1edbng d\u1eabn s\u1eed d\u1ee5ng Email C\u00e1n b\u1ed9"},"content":{"rendered":"<p><strong><span style=\"font-family: arial, helvetica, sans-serif;\">I. H\u01af\u1edaNG D\u1eaaN C\u1ea4U H\u00ccNH T\u00c0I KHO\u1ea2N EMAIL TR\u00caN OUTLOOK<\/span><\/strong><\/p>\n<p><strong><span style=\"font-family: arial, helvetica, sans-serif;\">B\u01b0\u1edbc 1: V\u00e0o ch\u01b0\u01a1ng tr\u00ecnh Control Panel<\/span><\/strong><\/p>\n<p><img loading=\"lazy\" decoding=\"async\" class=\"aligncenter wp-image-1319\" src=\"http:\/\/bknic.hust.edu.vn\/wp-content\/uploads\/2023\/07\/Picture1.png\" alt=\"\" width=\"390\" height=\"657\" \/><\/p>\n<p><strong><span style=\"font-family: arial, helvetica, sans-serif;\">B\u01b0\u1edbc 2:\u00a0 Truy c\u1eadp v\u00e0o Mail Setup &#8211; Outlook<\/span><\/strong><\/p>\n<p><img loading=\"lazy\" decoding=\"async\" class=\"aligncenter size-full wp-image-1320\" src=\"http:\/\/bknic.hust.edu.vn\/wp-content\/uploads\/2023\/07\/Picture2.png\" alt=\"\" width=\"602\" height=\"286\" \/><\/p>\n<p>&nbsp;<\/p>\n<p><img loading=\"lazy\" decoding=\"async\" class=\"aligncenter size-full wp-image-1321\" src=\"http:\/\/bknic.hust.edu.vn\/wp-content\/uploads\/2023\/07\/Picture3.png\" alt=\"\" width=\"602\" height=\"387\" \/><\/p>\n<p><strong><span style=\"font-family: arial, helvetica, sans-serif;\">B\u01b0\u1edbc 3: Ch\u1ecdn Show Profiles<\/span><\/strong><\/p>\n<p><img loading=\"lazy\" decoding=\"async\" class=\"aligncenter size-full wp-image-1322\" src=\"http:\/\/bknic.hust.edu.vn\/wp-content\/uploads\/2023\/07\/Picture4.png\" alt=\"\" width=\"580\" height=\"385\" \/><\/p>\n<p><strong><span style=\"font-family: arial, helvetica, sans-serif;\">B\u01b0\u1edbc 4: Ch\u1ecdn Add \u0111\u1ec3 c\u1ea5u h\u1ec9nh Profile m\u1edbi\u00a0<\/span><\/strong><\/p>\n<p><img loading=\"lazy\" decoding=\"async\" class=\"aligncenter size-full wp-image-1323\" src=\"http:\/\/bknic.hust.edu.vn\/wp-content\/uploads\/2023\/07\/Picture5.png\" alt=\"\" width=\"475\" height=\"556\" \/><\/p>\n<p><strong><span style=\"font-family: arial, helvetica, sans-serif;\">B\u01b0\u1edbc 5: \u0110\u1eb7t t\u00ean cho Profile, g\u00f5 t\u00ean Profile mu\u1ed1n \u0111\u1eb7t, sau \u0111\u00f3 ch\u1ecdn Ok<\/span><\/strong><\/p>\n<p><img loading=\"lazy\" decoding=\"async\" class=\"aligncenter size-full wp-image-1324\" src=\"http:\/\/bknic.hust.edu.vn\/wp-content\/uploads\/2023\/07\/Picture6.png\" alt=\"\" width=\"408\" height=\"173\" \/><\/p>\n<p><strong><span style=\"font-family: arial, helvetica, sans-serif;\">B\u01b0\u1edbc 6: Nh\u1eadp t\u00e0i kho\u1ea3n email t\u00ean mi\u1ec1n @hust.edu.vn sau \u0111\u00f3 ch\u1ecdn Connect<\/span><\/strong><\/p>\n<p><img loading=\"lazy\" decoding=\"async\" class=\"aligncenter size-full wp-image-1325\" src=\"http:\/\/bknic.hust.edu.vn\/wp-content\/uploads\/2023\/07\/Picture7.png\" alt=\"\" width=\"602\" height=\"355\" \/><\/p>\n<p><span style=\"font-family: arial, helvetica, sans-serif;\"><strong>B\u01b0\u1edbc 7: Nh\u1eadp m\u1eadt kh\u1ea9u email sau \u0111\u00f3 ch\u1ecdn OK<\/strong><\/span><\/p>\n<p><img loading=\"lazy\" decoding=\"async\" class=\"aligncenter size-full wp-image-1326\" src=\"http:\/\/bknic.hust.edu.vn\/wp-content\/uploads\/2023\/07\/Picture8.png\" alt=\"\" width=\"466\" height=\"336\" \/><\/p>\n<p><strong><span style=\"font-family: arial, helvetica, sans-serif;\">Sau \u0111\u00f3 s\u1ebd th\u1ea5y hi\u1ec7n ra k\u1ebft qu\u1ea3\u00a0<\/span><\/strong><\/p>\n<p><img loading=\"lazy\" decoding=\"async\" class=\"aligncenter wp-image-1327\" src=\"http:\/\/bknic.hust.edu.vn\/wp-content\/uploads\/2023\/07\/Picture9.png\" alt=\"\" width=\"529\" height=\"311\" \/><\/p>\n<p><span style=\"font-family: arial, helvetica, sans-serif;\"><strong>II. H\u01af\u1edaNG D\u1eaaN \u0110\u1eb6T CH\u1eee K\u00dd TR\u00caN OUTLOOK<\/strong><\/span><\/p>\n<p><span style=\"font-family: arial, helvetica, sans-serif;\"><strong>B\u01b0\u1edbc 1: Truy c\u1eadp https:\/\/protal.office.com\/<\/strong><\/span><\/p>\n<p><span style=\"font-family: arial, helvetica, sans-serif;\"><strong>B\u01b0\u1edbc 2: Ch\u1ecdn Mail \u0111\u1ec3 v\u00e0o Outlook Online\u00a0<\/strong><\/span><\/p>\n<p><img loading=\"lazy\" decoding=\"async\" class=\"aligncenter wp-image-1335\" src=\"http:\/\/bknic.hust.edu.vn\/wp-content\/uploads\/2023\/07\/Picture10.png\" alt=\"\" width=\"528\" height=\"429\" \/><\/p>\n<p><strong><span style=\"font-family: arial, helvetica, sans-serif;\">B\u01b0\u1edbc 3: Ch\u1ecdn bi\u1ec3u t\u01b0\u1ee3ng b\u00e1nh r\u0103ng \u0111\u1ec3 truy c\u1eadp v\u00e0o ph\u1ea7n c\u00e0i \u0111\u1eb7t Mail<\/span><\/strong><\/p>\n<p><img loading=\"lazy\" decoding=\"async\" class=\"aligncenter wp-image-1336\" src=\"http:\/\/bknic.hust.edu.vn\/wp-content\/uploads\/2023\/07\/Picture11.png\" alt=\"\" width=\"472\" height=\"575\" \/><\/p>\n<p><span style=\"font-family: arial, helvetica, sans-serif;\"><strong>B\u01b0\u1edbc 4: V\u00e0o Email signature<\/strong><\/span><\/p>\n<p><img loading=\"lazy\" decoding=\"async\" class=\"aligncenter wp-image-1337\" src=\"http:\/\/bknic.hust.edu.vn\/wp-content\/uploads\/2023\/07\/Picture12.png\" alt=\"\" width=\"409\" height=\"419\" \/><\/p>\n<p><strong><span style=\"font-family: arial, helvetica, sans-serif;\">B\u01b0\u1edbc 5: nh\u1eadp ch\u1eef k\u00fd sau \u0111\u00f3 l\u01b0u l\u1ea1i<\/span><\/strong><\/p>\n<p><img loading=\"lazy\" decoding=\"async\" class=\"aligncenter size-full wp-image-1340\" src=\"http:\/\/bknic.hust.edu.vn\/wp-content\/uploads\/2023\/07\/Picture13.png\" alt=\"\" width=\"602\" height=\"432\" \/><\/p>\n<p><strong><span style=\"font-family: arial, helvetica, sans-serif;\">B\u01b0\u1edbc 6: Ch\u1eef k\u00fd \u0111\u00e3 \u0111\u01b0\u1ee3c t\u1ef1 \u0111\u1ed9ng th\u00eam v\u00e0o khi so\u1ea1n th\u1ea3o email m\u1edbi<\/span><\/strong><\/p>\n<p><img loading=\"lazy\" decoding=\"async\" class=\"aligncenter size-full wp-image-1338\" src=\"http:\/\/bknic.hust.edu.vn\/wp-content\/uploads\/2023\/07\/Picture14.png\" alt=\"\" width=\"602\" height=\"373\" \/><\/p>\n","protected":false},"excerpt":{"rendered":"<p>I. H\u01af\u1edaNG D\u1eaaN C\u1ea4U H\u00ccNH T\u00c0I KHO\u1ea2N EMAIL TR\u00caN OUTLOOK B\u01b0\u1edbc 1: V\u00e0o ch\u01b0\u01a1ng tr\u00ecnh Control Panel B\u01b0\u1edbc 2:\u00a0 Truy c\u1eadp v\u00e0o Mail Setup &#8211; Outlook &nbsp; B\u01b0\u1edbc 3: Ch\u1ecdn Show Profiles B\u01b0\u1edbc 4: Ch\u1ecdn Add \u0111\u1ec3 c\u1ea5u h\u1ec9nh Profile m\u1edbi\u00a0 B\u01b0\u1edbc 5: \u0110\u1eb7t t\u00ean cho Profile, g\u00f5 t\u00ean Profile mu\u1ed1n \u0111\u1eb7t, sau \u0111\u00f3 ch\u1ecdn [&hellip;]<\/p>\n","protected":false},"author":1,"featured_media":0,"parent":67,"menu_order":0,"comment_status":"closed","ping_status":"closed","template":"","meta":{"footnotes":""},"class_list":["post-73","page","type-page","status-publish","hentry"],"_links":{"self":[{"href":"http:\/\/bknic.hust.edu.vn\/index.php?rest_route=\/wp\/v2\/pages\/73","targetHints":{"allow":["GET"]}}],"collection":[{"href":"http:\/\/bknic.hust.edu.vn\/index.php?rest_route=\/wp\/v2\/pages"}],"about":[{"href":"http:\/\/bknic.hust.edu.vn\/index.php?rest_route=\/wp\/v2\/types\/page"}],"author":[{"embeddable":true,"href":"http:\/\/bknic.hust.edu.vn\/index.php?rest_route=\/wp\/v2\/users\/1"}],"replies":[{"embeddable":true,"href":"http:\/\/bknic.hust.edu.vn\/index.php?rest_route=%2Fwp%2Fv2%2Fcomments&post=73"}],"version-history":[{"count":1,"href":"http:\/\/bknic.hust.edu.vn\/index.php?rest_route=\/wp\/v2\/pages\/73\/revisions"}],"predecessor-version":[{"id":74,"href":"http:\/\/bknic.hust.edu.vn\/index.php?rest_route=\/wp\/v2\/pages\/73\/revisions\/74"}],"up":[{"embeddable":true,"href":"http:\/\/bknic.hust.edu.vn\/index.php?rest_route=\/wp\/v2\/pages\/67"}],"wp:attachment":[{"href":"http:\/\/bknic.hust.edu.vn\/index.php?rest_route=%2Fwp%2Fv2%2Fmedia&parent=73"}],"curies":[{"name":"wp","href":"https:\/\/api.w.org\/{rel}","templated":true}]}}