{"id":31,"date":"2023-06-05T03:28:36","date_gmt":"2023-06-05T03:28:36","guid":{"rendered":"http:\/\/bknic.hust.edu.vn\/?page_id=31"},"modified":"2023-07-19T14:47:52","modified_gmt":"2023-07-19T14:47:52","slug":"lien-he","status":"publish","type":"page","link":"http:\/\/bknic.hust.edu.vn\/?page_id=31","title":{"rendered":"Li\u00ean h\u1ec7"},"content":{"rendered":"<header class=\"portlet-topper\"><strong><span class=\"contact-misc\" style=\"font-family: arial, helvetica, sans-serif; font-size: 20px;\">Trung t\u00e2m M\u1ea1ng Th\u00f4ng tin &#8211; BKNIC &#8211; Bach Khoa Network Information Center<\/span><\/strong><\/header>\n<header><\/header>\n<header><\/header>\n<header class=\"portlet-topper\">1\/ B\u1ed9 ph\u1eadn V\u0103n ph\u00f2ng:<\/p>\n<p><span style=\"font-family: arial, helvetica, sans-serif; font-size: 16px;\">\u0110\u1ecba ch\u1ec9: Ph\u00f2ng 905A &#8211; T\u00f2a nh\u00e0 Th\u01b0 vi\u1ec7n T\u1ea1 Quang B\u1eedu &#8211; \u0110\u1ea1i h\u1ecdc B\u00e1ch Khoa H\u00e0 N\u1ed9i<\/span><span style=\"font-family: arial, helvetica, sans-serif; font-size: 16px;\">H\u1ed7 tr\u1ee3, t\u01b0 v\u1ea5n v\u1ec1 t\u00e0i kho\u1ea3n Office 365 cho C\u00e1n b\u1ed9, Sinh vi\u00ean.<\/span><span style=\"font-family: arial, helvetica, sans-serif; font-size: 16px;\">\u0110i\u1ec7n tho\u1ea1i: (024) 3868.2203 \/ Fax: (04) 3868.1643<\/span><span style=\"font-family: arial, helvetica, sans-serif; font-size: 16px;\">Email: office-bknic@hust.edu.vn<\/span>&nbsp;<\/p>\n<p><span class=\"contact-misc\" style=\"font-family: arial, helvetica, sans-serif; font-size: 16px;\"><strong>2\/ B\u1ed9 ph\u1eadn M\u1ea1ng &amp; Truy\u1ec1n d\u1eabn<\/strong><\/span><\/p>\n<p><span style=\"font-family: arial, helvetica, sans-serif; font-size: 16px;\"><span class=\"contact-misc\">\u0110\u1ecba ch\u1ec9: Ph\u00f2ng 905B &#8211; T\u00f2a nh\u00e0 Th\u01b0 vi\u1ec7n T\u1ea1 Quang B\u1eedu\u00a0<\/span><span class=\"contact-misc\">&#8211; \u0110\u1ea1i h\u1ecdc B\u00e1ch Khoa H\u00e0 N\u1ed9i<\/span><\/span><\/p>\n<p><span style=\"font-family: arial, helvetica, sans-serif; font-size: 16px;\">H\u1ed7 tr\u1ee3, t\u01b0 v\u1ea5n v\u1ec1 M\u1ea1ng m\u00e1y t\u00ednh: (024) 3868.2203<\/span><\/p>\n<p>&nbsp;<\/p>\n<p><span class=\"contact-misc\" style=\"font-family: arial, helvetica, sans-serif; font-size: 16px;\"><strong>3\/ B\u1ed9 ph\u1eadn Ph\u1ea7n m\u1ec1m v\u00e0 E-learning\u00a0<\/strong><\/span><\/p>\n<p><span style=\"font-family: arial, helvetica, sans-serif; font-size: 16px;\"><span class=\"contact-misc\">\u0110\u1ecba ch\u1ec9: Ph\u00f2ng 907,915 &#8211; T\u00f2a nh\u00e0 Th\u01b0 vi\u1ec7n T\u1ea1 Quang B\u1eedu <\/span><span class=\"contact-misc\">&#8211; \u0110\u1ea1i h\u1ecdc B\u00e1ch Khoa H\u00e0 N\u1ed9i<\/span><\/span><\/p>\n<p><span style=\"font-family: arial, helvetica, sans-serif; font-size: 16px;\">H\u1ed7 tr\u1ee3, t\u01b0 v\u1ea5n v\u1ec1 E-learning, Website, Server, D-Office: (024) 3868.2203<\/span><\/p>\n<p><span style=\"font-family: arial, helvetica, sans-serif; font-size: 16px;\">Email: techsupport.elearning@hust.edu.vn<\/span><\/p>\n<\/header>\n","protected":false},"excerpt":{"rendered":"<p>Trung t\u00e2m M\u1ea1ng Th\u00f4ng tin &#8211; BKNIC &#8211; Bach Khoa Network Information Center 1\/ B\u1ed9 ph\u1eadn V\u0103n ph\u00f2ng: \u0110\u1ecba ch\u1ec9: Ph\u00f2ng 905A &#8211; T\u00f2a nh\u00e0 Th\u01b0 vi\u1ec7n T\u1ea1 Quang B\u1eedu &#8211; \u0110\u1ea1i h\u1ecdc B\u00e1ch Khoa H\u00e0 N\u1ed9iH\u1ed7 tr\u1ee3, t\u01b0 v\u1ea5n v\u1ec1 t\u00e0i kho\u1ea3n Office 365 cho C\u00e1n b\u1ed9, Sinh vi\u00ean.\u0110i\u1ec7n tho\u1ea1i: (024) 3868.2203 \/ Fax: [&hellip;]<\/p>\n","protected":false},"author":1,"featured_media":0,"parent":0,"menu_order":0,"comment_status":"closed","ping_status":"closed","template":"","meta":{"footnotes":""},"class_list":["post-31","page","type-page","status-publish","hentry"],"_links":{"self":[{"href":"http:\/\/bknic.hust.edu.vn\/index.php?rest_route=\/wp\/v2\/pages\/31","targetHints":{"allow":["GET"]}}],"collection":[{"href":"http:\/\/bknic.hust.edu.vn\/index.php?rest_route=\/wp\/v2\/pages"}],"about":[{"href":"http:\/\/bknic.hust.edu.vn\/index.php?rest_route=\/wp\/v2\/types\/page"}],"author":[{"embeddable":true,"href":"http:\/\/bknic.hust.edu.vn\/index.php?rest_route=\/wp\/v2\/users\/1"}],"replies":[{"embeddable":true,"href":"http:\/\/bknic.hust.edu.vn\/index.php?rest_route=%2Fwp%2Fv2%2Fcomments&post=31"}],"version-history":[{"count":4,"href":"http:\/\/bknic.hust.edu.vn\/index.php?rest_route=\/wp\/v2\/pages\/31\/revisions"}],"predecessor-version":[{"id":141,"href":"http:\/\/bknic.hust.edu.vn\/index.php?rest_route=\/wp\/v2\/pages\/31\/revisions\/141"}],"wp:attachment":[{"href":"http:\/\/bknic.hust.edu.vn\/index.php?rest_route=%2Fwp%2Fv2%2Fmedia&parent=31"}],"curies":[{"name":"wp","href":"https:\/\/api.w.org\/{rel}","templated":true}]}}