{"id":29,"date":"2023-06-05T03:28:28","date_gmt":"2023-06-05T03:28:28","guid":{"rendered":"http:\/\/bknic.hust.edu.vn\/?page_id=29"},"modified":"2023-07-19T14:47:39","modified_gmt":"2023-07-19T14:47:39","slug":"danh-muc-tai-lieu","status":"publish","type":"page","link":"http:\/\/bknic.hust.edu.vn\/?page_id=29","title":{"rendered":"Danh m\u1ee5c t\u00e0i li\u1ec7u"},"content":{"rendered":"<div class=\"portlet-content\">\n<div class=\" portlet-content-container\">\n<div class=\"portlet-body\">\n<div class=\"lfr-meta-actions add-asset-selector\"><\/div>\n<div class=\"subscribe-action\"><\/div>\n<table class=\"table table-bordered table-hover table-striped\">\n<thead class=\"table-columns\">\n<tr>\n<th class=\"table-header table-sortable-column\"><span style=\"font-family: arial, helvetica, sans-serif; font-size: 16px;\">Bi\u1ec3u m\u1eabu<\/span><\/th>\n<\/tr>\n<\/thead>\n<tbody class=\"table-data\">\n<tr>\n<td class=\"table-cell\"><span style=\"font-family: arial, helvetica, sans-serif;\"><a href=\"https:\/\/web.archive.org\/web\/20230206161804\/https:\/\/bknic.hust.edu.vn\/danh-muc-tai-lieu\/-\/asset_publisher\/88DNKCLLikIf\/content\/qt11-quy-trinh-quan-ly-phong-studio?inheritRedirect=false&amp;redirect=https%3A%2F%2Fbknic.hust.edu.vn%2Fdanh-muc-tai-lieu%3Fp_p_id%3D101_INSTANCE_88DNKCLLikIf%26p_p_lifecycle%3D0%26p_p_state%3Dnormal%26p_p_mode%3Dview%26p_p_col_id%3Dcolumn-1%26p_p_col_count%3D1\">MTT QT05-Quy tr\u00ecnh Qu\u1ea3n l\u00fd ph\u00f2ng studio<\/a><\/span><\/td>\n<\/tr>\n<tr>\n<td class=\"table-cell\"><span style=\"font-family: arial, helvetica, sans-serif;\"><a href=\"https:\/\/web.archive.org\/web\/20230206161804\/https:\/\/bknic.hust.edu.vn\/danh-muc-tai-lieu\/-\/asset_publisher\/88DNKCLLikIf\/content\/mtt-qt07-bm01-ban-khai-ang-ky-hosting?inheritRedirect=false&amp;redirect=https%3A%2F%2Fbknic.hust.edu.vn%2Fdanh-muc-tai-lieu%3Fp_p_id%3D101_INSTANCE_88DNKCLLikIf%26p_p_lifecycle%3D0%26p_p_state%3Dnormal%26p_p_mode%3Dview%26p_p_col_id%3Dcolumn-1%26p_p_col_count%3D1\">MTT.QT07.BM01- B\u1ea3n khai \u0111\u0103ng k\u00fd hosting<\/a><\/span><\/td>\n<\/tr>\n<tr>\n<td class=\"table-cell\"><span style=\"font-family: arial, helvetica, sans-serif;\"><a href=\"https:\/\/web.archive.org\/web\/20230206161804\/https:\/\/bknic.hust.edu.vn\/danh-muc-tai-lieu\/-\/asset_publisher\/88DNKCLLikIf\/content\/mtt-qt07-quy-trinh-ang-ky-su-dung-ten-mien-hosting?inheritRedirect=false&amp;redirect=https%3A%2F%2Fbknic.hust.edu.vn%2Fdanh-muc-tai-lieu%3Fp_p_id%3D101_INSTANCE_88DNKCLLikIf%26p_p_lifecycle%3D0%26p_p_state%3Dnormal%26p_p_mode%3Dview%26p_p_col_id%3Dcolumn-1%26p_p_col_count%3D1\">MTT.QT07- Quy tr\u00ecnh \u0111\u0103ng k\u00fd s\u1eed d\u1ee5ng t\u00ean mi\u1ec1n hosting<\/a><\/span><\/td>\n<\/tr>\n<tr>\n<td class=\"table-cell\"><span style=\"font-family: arial, helvetica, sans-serif;\"><a href=\"https:\/\/web.archive.org\/web\/20230206161804\/https:\/\/bknic.hust.edu.vn\/danh-muc-tai-lieu\/-\/asset_publisher\/88DNKCLLikIf\/content\/qt8-quy-trinh-quan-ly-the-tu-can-bo?inheritRedirect=false&amp;redirect=https%3A%2F%2Fbknic.hust.edu.vn%2Fdanh-muc-tai-lieu%3Fp_p_id%3D101_INSTANCE_88DNKCLLikIf%26p_p_lifecycle%3D0%26p_p_state%3Dnormal%26p_p_mode%3Dview%26p_p_col_id%3Dcolumn-1%26p_p_col_count%3D1\">MTT.QT06.BM01- \u0110\u0103ng k\u00fd t\u00e0i kho\u1ea3n \u0111i\u1ec7n t\u1eed c\u00e1n b\u1ed9<\/a><\/span><\/td>\n<\/tr>\n<tr>\n<td class=\"table-cell\"><span style=\"font-family: arial, helvetica, sans-serif;\"><a href=\"https:\/\/web.archive.org\/web\/20230206161804\/https:\/\/bknic.hust.edu.vn\/danh-muc-tai-lieu\/-\/asset_publisher\/88DNKCLLikIf\/content\/mtt-qt03-quy-trinh-xu-ly-ky-thuat-he-thong-mang?inheritRedirect=false&amp;redirect=https%3A%2F%2Fbknic.hust.edu.vn%2Fdanh-muc-tai-lieu%3Fp_p_id%3D101_INSTANCE_88DNKCLLikIf%26p_p_lifecycle%3D0%26p_p_state%3Dnormal%26p_p_mode%3Dview%26p_p_col_id%3Dcolumn-1%26p_p_col_count%3D1\">MTT.QT03 &#8211; Quy tr\u00ecnh X\u1eed l\u00fd k\u1ef9 thu\u1eadt h\u1ec7 th\u1ed1ng m\u1ea1ng<\/a><\/span><\/td>\n<\/tr>\n<tr>\n<td class=\"table-cell\"><span style=\"font-family: arial, helvetica, sans-serif;\"><a href=\"https:\/\/web.archive.org\/web\/20230206161804\/https:\/\/bknic.hust.edu.vn\/danh-muc-tai-lieu\/-\/asset_publisher\/88DNKCLLikIf\/content\/mtt-qt03-bm05-bien-ban-sua-chua-mang?inheritRedirect=false&amp;redirect=https%3A%2F%2Fbknic.hust.edu.vn%2Fdanh-muc-tai-lieu%3Fp_p_id%3D101_INSTANCE_88DNKCLLikIf%26p_p_lifecycle%3D0%26p_p_state%3Dnormal%26p_p_mode%3Dview%26p_p_col_id%3Dcolumn-1%26p_p_col_count%3D1\">MTT.QT03.BM05- Bi\u00ean b\u1ea3n s\u1eeda ch\u1eefa m\u1ea1ng<\/a><\/span><\/td>\n<\/tr>\n<tr>\n<td class=\"table-cell\"><span style=\"font-family: arial, helvetica, sans-serif;\"><a href=\"https:\/\/web.archive.org\/web\/20230206161804\/https:\/\/bknic.hust.edu.vn\/danh-muc-tai-lieu\/-\/asset_publisher\/88DNKCLLikIf\/content\/mtt-qt06-quy-trinh-quan-ly-tai-khoan-ien-tu?inheritRedirect=false&amp;redirect=https%3A%2F%2Fbknic.hust.edu.vn%2Fdanh-muc-tai-lieu%3Fp_p_id%3D101_INSTANCE_88DNKCLLikIf%26p_p_lifecycle%3D0%26p_p_state%3Dnormal%26p_p_mode%3Dview%26p_p_col_id%3Dcolumn-1%26p_p_col_count%3D1\">MTT QT06-Quy tr\u00ecnh Qu\u1ea3n l\u00fd t\u00e0i kho\u1ea3n \u0111i\u1ec7n t\u1eed<\/a><\/span><\/td>\n<\/tr>\n<tr>\n<td class=\"table-cell\"><span style=\"font-family: arial, helvetica, sans-serif;\"><a href=\"https:\/\/web.archive.org\/web\/20230206161804\/https:\/\/bknic.hust.edu.vn\/danh-muc-tai-lieu\/-\/asset_publisher\/88DNKCLLikIf\/content\/qt10-quy-trinh-quan-ly-phong-may-chu?inheritRedirect=false&amp;redirect=https%3A%2F%2Fbknic.hust.edu.vn%2Fdanh-muc-tai-lieu%3Fp_p_id%3D101_INSTANCE_88DNKCLLikIf%26p_p_lifecycle%3D0%26p_p_state%3Dnormal%26p_p_mode%3Dview%26p_p_col_id%3Dcolumn-1%26p_p_col_count%3D1\">MTT.QT03.BM02- Bi\u00ean b\u1ea3n x\u00e1c nh\u1eadn t\u00ecnh tr\u1ea1ng m\u1ea1ng<\/a><\/span><\/td>\n<\/tr>\n<tr>\n<td class=\"table-cell\"><span style=\"font-family: arial, helvetica, sans-serif;\"><a href=\"https:\/\/web.archive.org\/web\/20230206161804\/https:\/\/bknic.hust.edu.vn\/danh-muc-tai-lieu\/-\/asset_publisher\/88DNKCLLikIf\/content\/qt5-quy-trinh-ho-tro-xu-ly-ky-thuat-su-co-he-thong-mang?inheritRedirect=false&amp;redirect=https%3A%2F%2Fbknic.hust.edu.vn%2Fdanh-muc-tai-lieu%3Fp_p_id%3D101_INSTANCE_88DNKCLLikIf%26p_p_lifecycle%3D0%26p_p_state%3Dnormal%26p_p_mode%3Dview%26p_p_col_id%3Dcolumn-1%26p_p_col_count%3D1\">MTT.QT03.BM03- Gi\u1ea5y \u0111\u1ec1 ngh\u1ecb c\u1ea5p thi\u1ebft b\u1ecb<\/a><\/span><\/td>\n<\/tr>\n<tr>\n<td class=\"table-cell\"><span style=\"font-family: arial, helvetica, sans-serif;\"><a href=\"https:\/\/web.archive.org\/web\/20230206161804\/https:\/\/bknic.hust.edu.vn\/danh-muc-tai-lieu\/-\/asset_publisher\/88DNKCLLikIf\/content\/qt6-quy-trinh-lap-at-thay-the-thiet-bi-mang?inheritRedirect=false&amp;redirect=https%3A%2F%2Fbknic.hust.edu.vn%2Fdanh-muc-tai-lieu%3Fp_p_id%3D101_INSTANCE_88DNKCLLikIf%26p_p_lifecycle%3D0%26p_p_state%3Dnormal%26p_p_mode%3Dview%26p_p_col_id%3Dcolumn-1%26p_p_col_count%3D1\">MTT.QT03.BM04- Bi\u00ean b\u1ea3n b\u00e0n giao thi\u1ebft b\u1ecb<\/a><\/span><\/td>\n<\/tr>\n<tr>\n<td class=\"table-cell\"><span style=\"font-family: arial, helvetica, sans-serif;\"><a href=\"https:\/\/web.archive.org\/web\/20230206161804\/https:\/\/bknic.hust.edu.vn\/danh-muc-tai-lieu\/-\/asset_publisher\/88DNKCLLikIf\/content\/mtt-qt06-bm02-ang-ky-tai-khoan-ien-tu-sinh-vien?inheritRedirect=false&amp;redirect=https%3A%2F%2Fbknic.hust.edu.vn%2Fdanh-muc-tai-lieu%3Fp_p_id%3D101_INSTANCE_88DNKCLLikIf%26p_p_lifecycle%3D0%26p_p_state%3Dnormal%26p_p_mode%3Dview%26p_p_col_id%3Dcolumn-1%26p_p_col_count%3D1\">MTT.QT06.BM02- \u0110\u0103ng k\u00fd t\u00e0i kho\u1ea3n \u0111i\u1ec7n t\u1eed &#8211; Sinh Vi\u00ean<\/a><\/span><\/td>\n<\/tr>\n<tr>\n<td class=\"table-cell\"><span style=\"font-family: arial, helvetica, sans-serif;\"><a href=\"https:\/\/web.archive.org\/web\/20230206161804\/https:\/\/bknic.hust.edu.vn\/danh-muc-tai-lieu\/-\/asset_publisher\/88DNKCLLikIf\/content\/guideline-for-tutors?inheritRedirect=false&amp;redirect=https%3A%2F%2Fbknic.hust.edu.vn%2Fdanh-muc-tai-lieu%3Fp_p_id%3D101_INSTANCE_88DNKCLLikIf%26p_p_lifecycle%3D0%26p_p_state%3Dnormal%26p_p_mode%3Dview%26p_p_col_id%3Dcolumn-1%26p_p_col_count%3D1\">Guideline for tutors<\/a><\/span><\/td>\n<\/tr>\n<tr>\n<td class=\"table-cell\"><span style=\"font-family: arial, helvetica, sans-serif;\"><a href=\"https:\/\/web.archive.org\/web\/20230206161804\/https:\/\/bknic.hust.edu.vn\/danh-muc-tai-lieu\/-\/asset_publisher\/88DNKCLLikIf\/content\/huong-dan-su-dung-acu_lms-danh-cho-sinh-vien?inheritRedirect=false&amp;redirect=https%3A%2F%2Fbknic.hust.edu.vn%2Fdanh-muc-tai-lieu%3Fp_p_id%3D101_INSTANCE_88DNKCLLikIf%26p_p_lifecycle%3D0%26p_p_state%3Dnormal%26p_p_mode%3Dview%26p_p_col_id%3Dcolumn-1%26p_p_col_count%3D1\">H\u01b0\u1edbng d\u1eabn s\u1eed d\u1ee5ng ACU_LMS d\u00e0nh cho Sinh vi\u00ean<\/a><\/span><\/td>\n<\/tr>\n<\/tbody>\n<\/table>\n<\/div>\n<\/div>\n<\/div>\n","protected":false},"excerpt":{"rendered":"<p>Bi\u1ec3u m\u1eabu MTT QT05-Quy tr\u00ecnh Qu\u1ea3n l\u00fd ph\u00f2ng studio MTT.QT07.BM01- B\u1ea3n khai \u0111\u0103ng k\u00fd hosting MTT.QT07- Quy tr\u00ecnh \u0111\u0103ng k\u00fd s\u1eed d\u1ee5ng t\u00ean mi\u1ec1n hosting MTT.QT06.BM01- \u0110\u0103ng k\u00fd t\u00e0i kho\u1ea3n \u0111i\u1ec7n t\u1eed c\u00e1n b\u1ed9 MTT.QT03 &#8211; Quy tr\u00ecnh X\u1eed l\u00fd k\u1ef9 thu\u1eadt h\u1ec7 th\u1ed1ng m\u1ea1ng MTT.QT03.BM05- Bi\u00ean b\u1ea3n s\u1eeda ch\u1eefa m\u1ea1ng MTT QT06-Quy tr\u00ecnh Qu\u1ea3n [&hellip;]<\/p>\n","protected":false},"author":1,"featured_media":0,"parent":0,"menu_order":0,"comment_status":"closed","ping_status":"closed","template":"","meta":{"footnotes":""},"class_list":["post-29","page","type-page","status-publish","hentry"],"_links":{"self":[{"href":"http:\/\/bknic.hust.edu.vn\/index.php?rest_route=\/wp\/v2\/pages\/29","targetHints":{"allow":["GET"]}}],"collection":[{"href":"http:\/\/bknic.hust.edu.vn\/index.php?rest_route=\/wp\/v2\/pages"}],"about":[{"href":"http:\/\/bknic.hust.edu.vn\/index.php?rest_route=\/wp\/v2\/types\/page"}],"author":[{"embeddable":true,"href":"http:\/\/bknic.hust.edu.vn\/index.php?rest_route=\/wp\/v2\/users\/1"}],"replies":[{"embeddable":true,"href":"http:\/\/bknic.hust.edu.vn\/index.php?rest_route=%2Fwp%2Fv2%2Fcomments&post=29"}],"version-history":[{"count":1,"href":"http:\/\/bknic.hust.edu.vn\/index.php?rest_route=\/wp\/v2\/pages\/29\/revisions"}],"predecessor-version":[{"id":30,"href":"http:\/\/bknic.hust.edu.vn\/index.php?rest_route=\/wp\/v2\/pages\/29\/revisions\/30"}],"wp:attachment":[{"href":"http:\/\/bknic.hust.edu.vn\/index.php?rest_route=%2Fwp%2Fv2%2Fmedia&parent=29"}],"curies":[{"name":"wp","href":"https:\/\/api.w.org\/{rel}","templated":true}]}}