{"id":116,"date":"2023-06-05T04:12:38","date_gmt":"2023-06-05T04:12:38","guid":{"rendered":"http:\/\/bknic.hust.edu.vn\/?page_id=116"},"modified":"2023-07-19T14:47:39","modified_gmt":"2023-07-19T14:47:39","slug":"phan-mem-elearning-2","status":"publish","type":"page","link":"http:\/\/bknic.hust.edu.vn\/?page_id=116","title":{"rendered":"Ph\u1ea7n m\u1ec1m &#038; Elearning"},"content":{"rendered":"<div class=\"portlet-content\">\n<div class=\" portlet-content-container\">\n<div class=\"portlet-body\">\n<div class=\"lfr-meta-actions add-asset-selector\"><\/div>\n<div class=\"subscribe-action\"><\/div>\n<table class=\"table table-bordered table-hover table-striped\">\n<thead class=\"table-columns\">\n<tr>\n<th class=\"table-header table-sortable-column\"><span style=\"font-family: arial, helvetica, sans-serif; font-size: 16px;\">Bi\u1ec3u m\u1eabu<\/span><\/th>\n<\/tr>\n<\/thead>\n<tbody class=\"table-data\">\n<tr>\n<td class=\"table-cell\"><span style=\"font-family: arial, helvetica, sans-serif;\"><a href=\"https:\/\/web.archive.org\/web\/20230206160637\/https:\/\/bknic.hust.edu.vn\/acu\/-\/asset_publisher\/B6geOFSunRQE\/content\/qt11-quy-trinh-quan-ly-phong-studio?inheritRedirect=false&amp;redirect=https%3A%2F%2Fbknic.hust.edu.vn%2Facu%3Fp_p_id%3D101_INSTANCE_B6geOFSunRQE%26p_p_lifecycle%3D0%26p_p_state%3Dnormal%26p_p_mode%3Dview%26p_p_col_id%3Dcolumn-1%26p_p_col_count%3D1\">MTT QT05-Quy tr\u00ecnh Qu\u1ea3n l\u00fd ph\u00f2ng studio<\/a><\/span><\/td>\n<\/tr>\n<tr>\n<td class=\"table-cell\"><span style=\"font-family: arial, helvetica, sans-serif;\"><a href=\"https:\/\/web.archive.org\/web\/20230206160637\/https:\/\/bknic.hust.edu.vn\/acu\/-\/asset_publisher\/B6geOFSunRQE\/content\/mtt-qt07-bm01-ban-khai-ang-ky-hosting?inheritRedirect=false&amp;redirect=https%3A%2F%2Fbknic.hust.edu.vn%2Facu%3Fp_p_id%3D101_INSTANCE_B6geOFSunRQE%26p_p_lifecycle%3D0%26p_p_state%3Dnormal%26p_p_mode%3Dview%26p_p_col_id%3Dcolumn-1%26p_p_col_count%3D1\">MTT.QT07.BM01- B\u1ea3n khai \u0111\u0103ng k\u00fd hosting<\/a><\/span><\/td>\n<\/tr>\n<tr>\n<td class=\"table-cell\"><span style=\"font-family: arial, helvetica, sans-serif;\"><a href=\"https:\/\/web.archive.org\/web\/20230206160637\/https:\/\/bknic.hust.edu.vn\/acu\/-\/asset_publisher\/B6geOFSunRQE\/content\/mtt-qt07-quy-trinh-ang-ky-su-dung-ten-mien-hosting?inheritRedirect=false&amp;redirect=https%3A%2F%2Fbknic.hust.edu.vn%2Facu%3Fp_p_id%3D101_INSTANCE_B6geOFSunRQE%26p_p_lifecycle%3D0%26p_p_state%3Dnormal%26p_p_mode%3Dview%26p_p_col_id%3Dcolumn-1%26p_p_col_count%3D1\">MTT.QT07- Quy tr\u00ecnh \u0111\u0103ng k\u00fd s\u1eed d\u1ee5ng t\u00ean mi\u1ec1n hosting<\/a><\/span><\/td>\n<\/tr>\n<tr>\n<td class=\"table-cell\"><span style=\"font-family: arial, helvetica, sans-serif;\"><a href=\"https:\/\/web.archive.org\/web\/20230206160637\/https:\/\/bknic.hust.edu.vn\/acu\/-\/asset_publisher\/B6geOFSunRQE\/content\/guideline-for-tutors?inheritRedirect=false&amp;redirect=https%3A%2F%2Fbknic.hust.edu.vn%2Facu%3Fp_p_id%3D101_INSTANCE_B6geOFSunRQE%26p_p_lifecycle%3D0%26p_p_state%3Dnormal%26p_p_mode%3Dview%26p_p_col_id%3Dcolumn-1%26p_p_col_count%3D1\">Guideline for tutors<\/a><\/span><\/td>\n<\/tr>\n<tr>\n<td class=\"table-cell\"><span style=\"font-family: arial, helvetica, sans-serif;\"><a href=\"https:\/\/web.archive.org\/web\/20230206160637\/https:\/\/bknic.hust.edu.vn\/acu\/-\/asset_publisher\/B6geOFSunRQE\/content\/huong-dan-su-dung-acu_lms-danh-cho-sinh-vien?inheritRedirect=false&amp;redirect=https%3A%2F%2Fbknic.hust.edu.vn%2Facu%3Fp_p_id%3D101_INSTANCE_B6geOFSunRQE%26p_p_lifecycle%3D0%26p_p_state%3Dnormal%26p_p_mode%3Dview%26p_p_col_id%3Dcolumn-1%26p_p_col_count%3D1\">H\u01b0\u1edbng d\u1eabn s\u1eed d\u1ee5ng ACU_LMS d\u00e0nh cho Sinh vi\u00ean<\/a><\/span><\/td>\n<\/tr>\n<\/tbody>\n<\/table>\n<\/div>\n<\/div>\n<\/div>\n","protected":false},"excerpt":{"rendered":"<p>Bi\u1ec3u m\u1eabu MTT QT05-Quy tr\u00ecnh Qu\u1ea3n l\u00fd ph\u00f2ng studio MTT.QT07.BM01- B\u1ea3n khai \u0111\u0103ng k\u00fd hosting MTT.QT07- Quy tr\u00ecnh \u0111\u0103ng k\u00fd s\u1eed d\u1ee5ng t\u00ean mi\u1ec1n hosting Guideline for tutors H\u01b0\u1edbng d\u1eabn s\u1eed d\u1ee5ng ACU_LMS d\u00e0nh cho Sinh vi\u00ean<\/p>\n","protected":false},"author":1,"featured_media":0,"parent":29,"menu_order":0,"comment_status":"closed","ping_status":"closed","template":"","meta":{"footnotes":""},"class_list":["post-116","page","type-page","status-publish","hentry"],"_links":{"self":[{"href":"http:\/\/bknic.hust.edu.vn\/index.php?rest_route=\/wp\/v2\/pages\/116","targetHints":{"allow":["GET"]}}],"collection":[{"href":"http:\/\/bknic.hust.edu.vn\/index.php?rest_route=\/wp\/v2\/pages"}],"about":[{"href":"http:\/\/bknic.hust.edu.vn\/index.php?rest_route=\/wp\/v2\/types\/page"}],"author":[{"embeddable":true,"href":"http:\/\/bknic.hust.edu.vn\/index.php?rest_route=\/wp\/v2\/users\/1"}],"replies":[{"embeddable":true,"href":"http:\/\/bknic.hust.edu.vn\/index.php?rest_route=%2Fwp%2Fv2%2Fcomments&post=116"}],"version-history":[{"count":1,"href":"http:\/\/bknic.hust.edu.vn\/index.php?rest_route=\/wp\/v2\/pages\/116\/revisions"}],"predecessor-version":[{"id":117,"href":"http:\/\/bknic.hust.edu.vn\/index.php?rest_route=\/wp\/v2\/pages\/116\/revisions\/117"}],"up":[{"embeddable":true,"href":"http:\/\/bknic.hust.edu.vn\/index.php?rest_route=\/wp\/v2\/pages\/29"}],"wp:attachment":[{"href":"http:\/\/bknic.hust.edu.vn\/index.php?rest_route=%2Fwp%2Fv2%2Fmedia&parent=116"}],"curies":[{"name":"wp","href":"https:\/\/api.w.org\/{rel}","templated":true}]}}