{"id":114,"date":"2023-06-05T04:11:36","date_gmt":"2023-06-05T04:11:36","guid":{"rendered":"http:\/\/bknic.hust.edu.vn\/?page_id=114"},"modified":"2023-07-19T14:47:40","modified_gmt":"2023-07-19T14:47:40","slug":"co-cau-to-chuc","status":"publish","type":"page","link":"http:\/\/bknic.hust.edu.vn\/?page_id=114","title":{"rendered":"C\u01a1 c\u1ea5u t\u1ed5 ch\u1ee9c"},"content":{"rendered":"<p><span style=\"font-family: arial, helvetica, sans-serif;\"><strong>Gi\u00e1m \u0111\u1ed1c:<\/strong>\u00a0ThS. L\u00ea Huy C\u01b0\u1eddng: Ph\u1ee5 tr\u00e1ch chung v\u00e0 c\u00e1c m\u1ea3ng c\u00f4ng t\u00e1c t\u1ed5 ch\u1ee9c &#8211; c\u00e1n b\u1ed9, t\u00e0i ch\u00ednh, quy ho\u1ea1ch ph\u00e1t tri\u1ec3n, c\u1ea3i c\u00e1ch h\u00e0nh ch\u00ednh, c\u00f4ng t\u00e1c \u0111o\u00e0n th\u1ec3, nh\u00f3m Core v\u00e0 V\u0103n ph\u00f2ng.<\/span><br \/>\n<span style=\"font-family: arial, helvetica, sans-serif;\">&#8211; Email: cuong.lehuy@hust.edu.vn<\/span><br \/>\n<span style=\"font-family: arial, helvetica, sans-serif;\">&#8211; S\u1ed1 \u0111i\u1ec7n tho\u1ea1i: 04-38683186<\/span><\/p>\n<p><span style=\"font-family: arial, helvetica, sans-serif;\"><strong>Ph\u00f3 G\u0110<\/strong>: TS. Tr\u1ea7n Ho\u00e0ng H\u1ea3i:<\/span><br \/>\n<span style=\"font-family: arial, helvetica, sans-serif;\">Ph\u1ee5 tr\u00e1ch B\u1ed9 ph\u1eadn Ph\u1ea7n m\u1ec1m &#8211; E-learning.<\/span><br \/>\n<span style=\"font-family: arial, helvetica, sans-serif;\">&#8211; Email: hai.tranhoang@hust.edu.vn<\/span><br \/>\n<span style=\"font-family: arial, helvetica, sans-serif;\">&#8211; S\u1ed1 \u0111i\u1ec7n tho\u1ea1i: 04-38683188<\/span><\/p>\n<p><span style=\"font-family: arial, helvetica, sans-serif;\"><strong>Ph\u00f3 G\u0110:<\/strong>\u00a0ThS. Nguy\u1ec5n M\u1ea1nh C\u01b0\u1eddng:<\/span><br \/>\n<span style=\"font-family: arial, helvetica, sans-serif;\">Phh\u1ee5 tr\u00e1ch b\u1ed9 ph\u1eadn M\u1ea1ng &#8211; Truy\u1ec1n d\u1eabn.<\/span><br \/>\n<span style=\"font-family: arial, helvetica, sans-serif;\">&#8211; Email: cuong.nguyenmanh@hust.edu.vn<\/span><br \/>\n<span style=\"font-family: arial, helvetica, sans-serif;\">&#8211; S\u1ed1 \u0111i\u1ec7n tho\u1ea1i : 04-38681426<\/span><\/p>\n<p><span style=\"font-family: arial, helvetica, sans-serif;\"><strong>1\/ B\u1ed9 ph\u1eadn M\u1ea1ng &#8211; Truy\u1ec1n d\u1eabn<\/strong>: Qu\u1ea3n l\u00fd \u0111\u01b0\u1eddng truy\u1ec1n v\u00e0 trang thi\u1ebft b\u1ecb. Qu\u1ea3n tr\u1ecb c\u00e1c thi\u1ebft b\u1ecb m\u1ea1ng \u0111\u1eb7t t\u1ea1i c\u00e1c t\u00f2a nh\u00e0, qu\u1ea3n l\u00fd h\u1ec7 th\u1ed1ng m\u1ea1ng trung t\u00e2m c\u1ee7a tr\u01b0\u1eddng, Th\u01b0 vi\u1ec7n \u0111i\u1ec7n t\u1eed. Qu\u1ea3n l\u00fd kho. T\u1ed5ng h\u1ee3p b\u00e1o c\u00e1o \u0111\u1ecbnh k\u1ef3 v\u1ec1 h\u1ec7 th\u1ed1ng h\u1ea1 t\u1ea7ng m\u1ea1ng.<\/span><br \/>\n<span style=\"font-family: arial, helvetica, sans-serif;\">&#8211; Ph\u1ee5 tr\u00e1ch: ThS. Phan \u0110\u1ee9c Ch\u00ecnh<\/span><br \/>\n<span style=\"font-family: arial, helvetica, sans-serif;\">&#8211; Email: chinh.phanduc@hust.edu.vn<\/span><br \/>\n<span style=\"font-family: arial, helvetica, sans-serif;\">&#8211; S\u1ed1 \u0111i\u1ec7n tho\u1ea1i: (84)-04-3868.1426<\/span><\/p>\n<p><span style=\"font-family: arial, helvetica, sans-serif;\"><strong>2\/ B\u1ed9 ph\u1eadn Ph\u1ea7n m\u1ec1m &#8211; E-learning<\/strong>: X\u00e2y d\u1ef1ng, qu\u1ea3n l\u00fd c\u00e1c website c\u1ee7a c\u00e1c \u0111\u01a1n v\u1ecb v\u00e0 website c\u1ee7a -tr\u01b0\u1eddng v\u00e0 c\u00e1c ph\u1ea7n m\u1ec1m trong c\u00e1c d\u1ef1 \u00e1n. Qu\u1ea3n tr\u1ecb h\u1ec7 th\u1ed1ng m\u00e1y ch\u1ee7, h\u1ec7 th\u1ed1ng c\u00f4ng b\u00e1o, h\u1ec7 th\u1ed1ng E-Office. Qu\u1ea3n l\u00fd v\u1eadn h\u00e0nh h\u1ec7 th\u1ed1ng \u0111\u00e0o t\u1ea1o tr\u1ef1c tuy\u1ebfn c\u1ee7a tr\u01b0\u1eddng (LMS). Ph\u1ed1i h\u1ee3p v\u1edbi c\u00e1c Khoa &#8211; Vi\u1ec7n &#8211; Ph\u00f2ng ban x\u00e2y d\u1ef1ng c\u00e1c kh\u00f3a h\u1ecdc \u0111i\u1ec7n t\u1eed.<\/span><br \/>\n<span style=\"font-family: arial, helvetica, sans-serif;\">&#8211; Ph\u1ee5 tr\u00e1ch: ThS. Nguy\u1ec5n Th\u1ecb Thu Giang<\/span><br \/>\n<span style=\"font-family: arial, helvetica, sans-serif;\">&#8211; Email: giang.nguyenthithu@hust.edu.vn<\/span><br \/>\n<span style=\"font-family: arial, helvetica, sans-serif;\">&#8211; S\u1ed1 \u0111i\u1ec7n tho\u1ea1i: (84)-04-3868.3188<\/span><\/p>\n<p><span style=\"font-family: arial, helvetica, sans-serif;\"><strong>3\/ V\u0103n ph\u00f2ng<\/strong>: C\u00e1c c\u00f4ng t\u00e1c v\u1ec1 v\u0103n ph\u00f2ng, l\u1ec5 t\u00e2n, qu\u1ea3n l\u00fd ph\u00f2ng \u1ed1c, v\u1eadt t\u01b0, t\u00e0i ch\u00ednh k\u1ebf to\u00e1n, tham gia x\u00e2y d\u1ef1ng v\u00e0 tri\u1ec3n khai c\u00e1c d\u1ef1 \u00e1n. Qu\u1ea3n l\u00fd t\u00e0i kho\u1ea3n Office 365.<\/span><br \/>\n<span style=\"font-family: arial, helvetica, sans-serif;\">&#8211; Ph\u1ee5 tr\u00e1ch: ThS. Ph\u00f9ng Th\u1ecb Thu Th\u1ee7y<\/span><br \/>\n<span style=\"font-family: arial, helvetica, sans-serif;\">&#8211; Email: thuy.phungthithu@hust.edu.vn<\/span><br \/>\n<span style=\"font-family: arial, helvetica, sans-serif;\">&#8211; S\u1ed1 \u0111i\u1ec7n tho\u1ea1i: (84)-04-3868.2203 Fax: (84)-04-3868.1643<\/span><\/p>\n<p><span style=\"font-family: arial, helvetica, sans-serif;\"><strong>4\/ C\u00e1c t\u1ed5 ch\u1ee9c \u0110o\u00e0n th\u1ec3<\/strong>:<\/span><br \/>\n<span style=\"font-family: arial, helvetica, sans-serif;\">&#8211; Chi b\u1ed9 \u0110\u1ea3ng: ThS. L\u00ea Huy C\u01b0\u1eddng &#8211; B\u00ed th\u01b0<\/span><br \/>\n<span style=\"font-family: arial, helvetica, sans-serif;\">&#8211; T\u1ed5 C\u00f4ng \u0111o\u00e0n: ThS. Tr\u1ea7n Vi\u1ec7t Anh \u2013 T\u1ed5 tr\u01b0\u1edfng<\/span><\/p>\n","protected":false},"excerpt":{"rendered":"<p>Gi\u00e1m \u0111\u1ed1c:\u00a0ThS. L\u00ea Huy C\u01b0\u1eddng: Ph\u1ee5 tr\u00e1ch chung v\u00e0 c\u00e1c m\u1ea3ng c\u00f4ng t\u00e1c t\u1ed5 ch\u1ee9c &#8211; c\u00e1n b\u1ed9, t\u00e0i ch\u00ednh, quy ho\u1ea1ch ph\u00e1t tri\u1ec3n, c\u1ea3i c\u00e1ch h\u00e0nh ch\u00ednh, c\u00f4ng t\u00e1c \u0111o\u00e0n th\u1ec3, nh\u00f3m Core v\u00e0 V\u0103n ph\u00f2ng. &#8211; Email: cuong.lehuy@hust.edu.vn &#8211; S\u1ed1 \u0111i\u1ec7n tho\u1ea1i: 04-38683186 Ph\u00f3 G\u0110: TS. Tr\u1ea7n Ho\u00e0ng H\u1ea3i: Ph\u1ee5 tr\u00e1ch B\u1ed9 ph\u1eadn [&hellip;]<\/p>\n","protected":false},"author":1,"featured_media":0,"parent":17,"menu_order":0,"comment_status":"closed","ping_status":"closed","template":"","meta":{"footnotes":""},"class_list":["post-114","page","type-page","status-publish","hentry"],"_links":{"self":[{"href":"http:\/\/bknic.hust.edu.vn\/index.php?rest_route=\/wp\/v2\/pages\/114","targetHints":{"allow":["GET"]}}],"collection":[{"href":"http:\/\/bknic.hust.edu.vn\/index.php?rest_route=\/wp\/v2\/pages"}],"about":[{"href":"http:\/\/bknic.hust.edu.vn\/index.php?rest_route=\/wp\/v2\/types\/page"}],"author":[{"embeddable":true,"href":"http:\/\/bknic.hust.edu.vn\/index.php?rest_route=\/wp\/v2\/users\/1"}],"replies":[{"embeddable":true,"href":"http:\/\/bknic.hust.edu.vn\/index.php?rest_route=%2Fwp%2Fv2%2Fcomments&post=114"}],"version-history":[{"count":2,"href":"http:\/\/bknic.hust.edu.vn\/index.php?rest_route=\/wp\/v2\/pages\/114\/revisions"}],"predecessor-version":[{"id":135,"href":"http:\/\/bknic.hust.edu.vn\/index.php?rest_route=\/wp\/v2\/pages\/114\/revisions\/135"}],"up":[{"embeddable":true,"href":"http:\/\/bknic.hust.edu.vn\/index.php?rest_route=\/wp\/v2\/pages\/17"}],"wp:attachment":[{"href":"http:\/\/bknic.hust.edu.vn\/index.php?rest_route=%2Fwp%2Fv2%2Fmedia&parent=114"}],"curies":[{"name":"wp","href":"https:\/\/api.w.org\/{rel}","templated":true}]}}