{"id":107,"date":"2023-06-05T04:10:44","date_gmt":"2023-06-05T04:10:44","guid":{"rendered":"http:\/\/bknic.hust.edu.vn\/?page_id=107"},"modified":"2023-07-19T14:47:40","modified_gmt":"2023-07-19T14:47:40","slug":"lich-su-hinh-thanh-phat-trien","status":"publish","type":"page","link":"http:\/\/bknic.hust.edu.vn\/?page_id=107","title":{"rendered":"L\u1ecbch s\u1eed h\u00ecnh th\u00e0nh, ph\u00e1t tri\u1ec3n"},"content":{"rendered":"<p><span style=\"font-family: arial, helvetica, sans-serif;\">H\u1ec7 th\u1ed1ng m\u1ea1ng m\u00e1y t\u00ednh \u0110HBK HN \u0111\u01b0\u1ee3c x\u00e2y d\u1ef1ng v\u00e0o cu\u1ed1i n\u0103m 1997 v\u1edbi h\u1ea1 t\u1ea7ng m\u1ea1ng ban \u0111\u1ea7u do h\u00e3ng NTT (Nh\u1eadt B\u1ea3n) t\u00e0i tr\u1ee3, s\u1eed d\u1ee5ng c\u00f4ng ngh\u1ec7 m\u1ea1ng ATM t\u1ed1c \u0111\u1ed9 155Mbps v\u1edbi h\u1ec7 th\u1ed1ng truy\u1ec1n d\u1eabn c\u00e1p quang. N\u0103m 2002 h\u1ec7 th\u1ed1ng m\u1ea1ng m\u00e1y t\u00ednh \u0111\u01b0\u1ee3c n\u00e2ng c\u1ea5p, chuy\u1ec3n \u0111\u1ed5i c\u00f4ng ngh\u1ec7 th\u00e0nh h\u1ec7 th\u1ed1ng m\u1ea1ng quang 1Gbps. T\u1eeb n\u0103m 2003 \u0111\u1ebfn n\u0103m 2013, h\u1ec7 th\u1ed1ng h\u1ea1 t\u1ea7ng m\u1ea1ng li\u00ean t\u1ee5c \u0111\u01b0\u1ee3c m\u1edf r\u1ed9ng t\u1edbi t\u1ea5t c\u1ea3 c\u00e1c Khoa\/vi\u1ec7n, Trung t\u00e2m\/Ph\u00f2ng ban trong , t\u1eeb khu C1 \u0111\u1ebfn c\u00e1c khu nh\u00e0 E, F v\u00e0 \u0111i\u1ec3m xa nh\u1ea5t l\u00e0 s\u00e2n v\u1eadn \u0111\u1ed9ng B\u00e1ch Khoa, nh\u00e0 A v\u1edbi b\u00e1n k\u00ednh m\u1ea1ng g\u1ea7n 1km. T\u00ednh \u0111\u1ebfn nay n\u0103m 2016, s\u1ed1 l\u01b0\u1ee3ng \u0111i\u1ec3m k\u1ebft n\u1ed1i m\u1ea1ng l\u00e0 tr\u00ean 10.000 n\u00fat m\u1ea1ng (v\u1edbi s\u1ed1 m\u00e1y t\u00ednh hi\u1ec7n \u0111ang k\u1ebft n\u1ed1i t\u1ea1i m\u1ed7i th\u1eddi \u0111i\u1ec3m kho\u1ea3ng 4000 m\u00e1y).<\/span><\/p>\n<p><span style=\"font-family: arial, helvetica, sans-serif;\"><strong>C\u01a0 S\u1ede V\u1eacT CH\u1ea4T:<\/strong><\/span><\/p>\n<ul>\n<li><span style=\"font-family: arial, helvetica, sans-serif;\">Ph\u00f2ng m\u00e1y ch\u1ee7 r\u1ed9ng kho\u1ea3ng 125\u00a0m2 \u0111\u01b0\u1ee3c trang b\u1ecb c\u00e1c thi\u1ebft b\u1ecb \u0111\u1ea3m b\u1ea3o cho h\u1ec7 th\u1ed1ng m\u00e1y ch\u1ee7 ho\u1ea1t \u0111\u1ed9ng th\u00f4ng su\u1ed1t \u0111\u1eb7t t\u1ea1i t\u1ea7ng 9 Th\u01b0 vi\u1ec7n T\u1ea1 Quang B\u1eedu.<\/span><\/li>\n<li><span style=\"font-family: arial, helvetica, sans-serif;\">H\u1ec7 th\u1ed1ng m\u1ea1ng\u00a0c\u00e1p quang s\u1eed d\u1ee5ng c\u00f4ng ngh\u1ec7 GigabitEthernet k\u1ebft n\u1ed1i \u0111\u1ebfn c\u00e1c t\u00f2a nh\u00e0 (Building)\u00a0c\u00f3 t\u1ed1c \u0111\u1ed9 100\/1000Mbps.<\/span><\/li>\n<li><span style=\"font-family: arial, helvetica, sans-serif;\">H\u1ec7 th\u1ed1ng m\u00e1y ch\u1ee7 d\u1ecbch v\u1ee5 s\u1eed d\u1ee5ng c\u00e1c m\u00e1y ch\u1ee7 c\u1ee7a h\u00e3ng SUN, HP, IBM, DELL &#8230;<\/span><\/li>\n<li><span style=\"font-family: arial, helvetica, sans-serif;\">H\u1ec7 th\u1ed1ng Switch core v\u00e0 c\u00e1c switch ph\u00e2n ph\u1ed1i h\u1ec7 th\u1ed1ng firewall \u0111\u01b0\u1ee3c s\u1eed d\u1ee5ng c\u1ee7a c\u00e1c h\u00e3ng n\u1ed5i ti\u1ebfng tr\u00ean th\u1ebf gi\u1edbi nh\u01b0 Cisco, Nortel&#8230;<\/span><\/li>\n<li><span style=\"font-family: arial, helvetica, sans-serif;\">M\u1ea1ng Th\u01b0 vi\u1ec7n \u0110i\u1ec7n t\u1eed s\u1eed d\u1ee5ng c\u00f4ng ngh\u1ec7 Gigabit v\u00e0 c\u00e1c thi\u1ebft b\u1ecb m\u1ea1ng kh\u00f4ng d\u00e2y, thi\u1ebft b\u1ecb b\u1ea3o m\u1eadt hi\u1ec7n \u0111\u1ea1i.<\/span><\/li>\n<li><span style=\"font-family: arial, helvetica, sans-serif;\">M\u1ea1ng cho Vi\u1ec7n CNTT &amp; TT, \u0111\u1eb7t \u1edf t\u00f2a nh\u00e0 B1 v\u1eeba \u0111\u01b0\u1ee3c trang b\u1ecb h\u1ec7 th\u1ed1ng m\u1ea1ng LAN v\u00e0 Wifi hi\u1ec7n \u0111\u1ea1i t\u1ed1c \u0111\u1ed9 cao.<\/span><\/li>\n<li><span style=\"font-family: arial, helvetica, sans-serif;\">\u0110\u01b0\u1eddng truy\u1ec1n k\u1ebft n\u1ed1i ra Internet g\u1ed3m 01 \u0111\u01b0\u1eddng LeaseLine 80Mbps qu\u1ed1c t\u1ebf v\u00e0 1Gbps \u0111\u01b0\u1eddng truy\u1ec1n trong n\u01b0\u1edbc k\u1ebft n\u1ed1i qua FPT.<\/span><\/li>\n<\/ul>\n<p><span style=\"font-family: arial, helvetica, sans-serif;\"><strong>C\u00c1C L\u0128NH V\u1ef0C NGHI\u00caN C\u1ee8U, TRI\u1ec2N KHAI:<\/strong><\/span><\/p>\n<ul>\n<li><span style=\"font-family: arial, helvetica, sans-serif;\">T\u01b0 v\u1ea5n thi\u1ebft k\u1ebf, quy ho\u1ea1ch v\u00e0 ph\u00e1t tri\u1ec3n c\u00e1c h\u1ec7 th\u1ed1ng m\u1ea1ng th\u00f4ng tin.<\/span><\/li>\n<li><span style=\"font-family: arial, helvetica, sans-serif;\">X\u00e2y d\u1ef1ng, ph\u00e1t tri\u1ec3n v\u00e0 tri\u1ec3n khai c\u00e1c \u1ee9ng d\u1ee5ng, c\u00e1c d\u1ecbch v\u1ee5 d\u00f9ng m\u00e3 ngu\u1ed3n m\u1edf.<\/span><\/li>\n<li><span style=\"font-family: arial, helvetica, sans-serif;\">X\u00e2y d\u1ef1ng, ph\u00e1t tri\u1ec3n c\u00e1c ph\u1ea7n m\u1ec1m qu\u1ea3n l\u00fd c\u00e1n b\u1ed9, sinh vi\u00ean; h\u1ec7 th\u1ed1ng qu\u1ea3n l\u00fd \u0111\u00e0o t\u1ea1o.<\/span><\/li>\n<li><span style=\"font-family: arial, helvetica, sans-serif;\">X\u00e2y d\u1ef1ng v\u00e0 ph\u00e1t tri\u1ec3n Website t\u0129nh, \u0111\u1ed9ng theo y\u00eau c\u1ea7u.<\/span><\/li>\n<li><span style=\"font-family: arial, helvetica, sans-serif;\">M\u1ea1ng Th\u01b0 vi\u1ec7n \u0110i\u1ec7n t\u1eed s\u1eed d\u1ee5ng c\u00f4ng ngh\u1ec7 Gigabit v\u00e0 c\u00e1c thi\u1ebft b\u1ecb m\u1ea1ng kh\u00f4ng d\u00e2y, thi\u1ebft b\u1ecb b\u1ea3o m\u1eadt hi\u1ec7n \u0111\u1ea1i.<\/span><\/li>\n<\/ul>\n<p><span style=\"font-family: arial, helvetica, sans-serif;\"><strong>C\u00c1C D\u1ef0 \u00c1N \u0110\u00c3 V\u00c0 \u0110ANG THAM GIA:<\/strong><\/span><\/p>\n<ul>\n<li><span style=\"font-family: arial, helvetica, sans-serif;\">D\u1ef1 \u00e1n x\u00e2y d\u1ef1ng m\u1ea1ng BKNET v\u1edbi C\u00f4ng ty \u0110i\u1ec7n tho\u1ea1i &#8211; \u0111i\u1ec7n t\u00edn Nh\u1eadt B\u1ea3n (NTT).<\/span><\/li>\n<li><span style=\"font-family: arial, helvetica, sans-serif;\">D\u1ef1 \u00e1n Tr\u01b0\u1eddng h\u1ecdc tr\u00ean Internet (SOI-School On Internet).<\/span><\/li>\n<li><span style=\"font-family: arial, helvetica, sans-serif;\">D\u1ef1 \u00e1n Tr\u01b0\u1eddng \u0110\u1ea1i h\u1ecdc \u1ea3o ti\u1ec3u khu v\u1ef1c s\u00f4ng M\u00ea-K\u00f4ng (GMS-VU: Greater Mekong Subregion Virtual University) gi\u1eefa UNESCO Bangkok v\u00e0 s\u00e1u n\u01b0\u1edbc th\u00e0nh vi\u00ean trong ti\u1ec3u khu v\u1ef1c s\u00f4ng M\u00ea-K\u00f4ng.<\/span><\/li>\n<li><span style=\"font-family: arial, helvetica, sans-serif;\">D\u1ef1 \u00e1n H\u1ed7 tr\u1ee3 v\u00e0 Ph\u00e1t tri\u1ec3n \u0111\u00e0o \u0110\u00e0o t\u1ea1o \u0110\u1ea1i h\u1ecdc v\u00e0 Sau \u0111\u1ea1i h\u1ecdc v\u1ec1 CNTT&amp;TT (HEDSPI).<\/span><\/li>\n<li><span style=\"font-family: arial, helvetica, sans-serif;\">D\u1ef1 \u00e1n M\u1ea1ng th\u00f4ng tin \u00c1-\u00c2u giai \u0111o\u1ea1n 2 (TEIN2).<\/span><\/li>\n<li><span style=\"font-family: arial, helvetica, sans-serif;\">D\u1ef1 \u00e1n M\u1ea1ng nghi\u00ean c\u1ee9u &#8211; \u0111\u00e0o t\u1ea1o Vi\u1ec7t Nam (VinaREN).<\/span><\/li>\n<li><span style=\"font-family: arial, helvetica, sans-serif;\">D\u1ef1 \u00e1n m\u1ea1ng E-Learning ch\u00e2u \u00c1 (AEN: Asia E-Learning Network).<\/span><\/li>\n<li><span style=\"font-family: arial, helvetica, sans-serif;\">D\u1ef1 \u00e1n E-learning ACU &#8211; KOICA (H\u00e0n Qu\u1ed1c).<\/span><\/li>\n<\/ul>\n","protected":false},"excerpt":{"rendered":"<p>H\u1ec7 th\u1ed1ng m\u1ea1ng m\u00e1y t\u00ednh \u0110HBK HN \u0111\u01b0\u1ee3c x\u00e2y d\u1ef1ng v\u00e0o cu\u1ed1i n\u0103m 1997 v\u1edbi h\u1ea1 t\u1ea7ng m\u1ea1ng ban \u0111\u1ea7u do h\u00e3ng NTT (Nh\u1eadt B\u1ea3n) t\u00e0i tr\u1ee3, s\u1eed d\u1ee5ng c\u00f4ng ngh\u1ec7 m\u1ea1ng ATM t\u1ed1c \u0111\u1ed9 155Mbps v\u1edbi h\u1ec7 th\u1ed1ng truy\u1ec1n d\u1eabn c\u00e1p quang. N\u0103m 2002 h\u1ec7 th\u1ed1ng m\u1ea1ng m\u00e1y t\u00ednh \u0111\u01b0\u1ee3c n\u00e2ng c\u1ea5p, chuy\u1ec3n \u0111\u1ed5i [&hellip;]<\/p>\n","protected":false},"author":1,"featured_media":0,"parent":17,"menu_order":0,"comment_status":"closed","ping_status":"closed","template":"","meta":{"footnotes":""},"class_list":["post-107","page","type-page","status-publish","hentry"],"_links":{"self":[{"href":"http:\/\/bknic.hust.edu.vn\/index.php?rest_route=\/wp\/v2\/pages\/107","targetHints":{"allow":["GET"]}}],"collection":[{"href":"http:\/\/bknic.hust.edu.vn\/index.php?rest_route=\/wp\/v2\/pages"}],"about":[{"href":"http:\/\/bknic.hust.edu.vn\/index.php?rest_route=\/wp\/v2\/types\/page"}],"author":[{"embeddable":true,"href":"http:\/\/bknic.hust.edu.vn\/index.php?rest_route=\/wp\/v2\/users\/1"}],"replies":[{"embeddable":true,"href":"http:\/\/bknic.hust.edu.vn\/index.php?rest_route=%2Fwp%2Fv2%2Fcomments&post=107"}],"version-history":[{"count":3,"href":"http:\/\/bknic.hust.edu.vn\/index.php?rest_route=\/wp\/v2\/pages\/107\/revisions"}],"predecessor-version":[{"id":134,"href":"http:\/\/bknic.hust.edu.vn\/index.php?rest_route=\/wp\/v2\/pages\/107\/revisions\/134"}],"up":[{"embeddable":true,"href":"http:\/\/bknic.hust.edu.vn\/index.php?rest_route=\/wp\/v2\/pages\/17"}],"wp:attachment":[{"href":"http:\/\/bknic.hust.edu.vn\/index.php?rest_route=%2Fwp%2Fv2%2Fmedia&parent=107"}],"curies":[{"name":"wp","href":"https:\/\/api.w.org\/{rel}","templated":true}]}}